{"id":239144,"date":"2022-02-22T02:22:54","date_gmt":"2022-02-22T02:22:54","guid":{"rendered":"https:\/\/www.gabrielapepino.com\/?page_id=239144"},"modified":"2025-10-28T11:08:44","modified_gmt":"2025-10-28T09:08:44","slug":"trimite-mi-un-mesaj","status":"publish","type":"page","link":"https:\/\/www.gabrielapepino.com\/ro\/trimite-mi-un-mesaj\/","title":{"rendered":"Contact"},"content":{"rendered":"<p>[et_pb_section fb_built=&#8221;1&#8243; _builder_version=&#8221;4.16&#8243; _dynamic_attributes=&#8221;background_image&#8221; _module_preset=&#8221;default&#8221; background_color=&#8221;gcid-75308d11-e8c6-4806-abee-6c7dcbd30a13&#8243; background_image=&#8221;@ET-DC@eyJkeW5hbWljIjp0cnVlLCJjb250ZW50IjoiY3VzdG9tX21ldGFfYmFja2dyb3VuZF9pbWFnZSIsInNldHRpbmdzIjp7ImJlZm9yZSI6IiIsImFmdGVyIjoiIiwiZW5hYmxlX2h0bWwiOiJvZmYifX0=@&#8221; custom_padding=&#8221;5%||5%||true|false&#8221; locked=&#8221;off&#8221; global_colors_info=&#8221;{%22gcid-75308d11-e8c6-4806-abee-6c7dcbd30a13%22:%91%22background_color%22%93}&#8221;][et_pb_row column_structure=&#8221;2_5,3_5&#8243; use_custom_gutter=&#8221;on&#8221; gutter_width=&#8221;1&#8243; make_equal=&#8221;on&#8221; _builder_version=&#8221;4.16&#8243; _module_preset=&#8221;default&#8221; global_colors_info=&#8221;{}&#8221;][et_pb_column type=&#8221;2_5&#8243; _builder_version=&#8221;4.16&#8243; _module_preset=&#8221;default&#8221; global_colors_info=&#8221;{}&#8221;][et_pb_image src=&#8221;@ET-DC@eyJkeW5hbWljIjp0cnVlLCJjb250ZW50IjoiY3VzdG9tX21ldGFfbXlfY29udGFjdF9wYWdlX2ltYWdlIiwic2V0dGluZ3MiOnsiYmVmb3JlIjoiIiwiYWZ0ZXIiOiIiLCJlbmFibGVfaHRtbCI6Im9mZiJ9fQ==@&#8221; align=&#8221;center&#8221; force_fullwidth=&#8221;on&#8221; admin_label=&#8221;My Contact Page Image&#8221; _builder_version=&#8221;4.16&#8243; _dynamic_attributes=&#8221;src&#8221; _module_preset=&#8221;default&#8221; box_shadow_style=&#8221;preset1&#8243; box_shadow_blur=&#8221;50px&#8221; locked=&#8221;off&#8221; global_colors_info=&#8221;{}&#8221;][\/et_pb_image][\/et_pb_column][et_pb_column type=&#8221;3_5&#8243; admin_label=&#8221;Background Color&#8221; _builder_version=&#8221;4.16&#8243; _module_preset=&#8221;default&#8221; background_color=&#8221;rgba(249,249,249,0.7)&#8221; custom_padding=&#8221;4%|5%|4%|5%|true|true&#8221; global_colors_info=&#8221;{%22gcid-961be9cc-977b-428c-a26e-27ea46164d30%22:%91%22background_color%22%93}&#8221;][et_pb_text _builder_version=&#8221;4.27.4&#8243; _module_preset=&#8221;default&#8221; text_font_size=&#8221;30px&#8221; text_orientation=&#8221;center&#8221; hover_enabled=&#8221;0&#8243; global_colors_info=&#8221;{}&#8221; sticky_enabled=&#8221;0&#8243;]<\/p>\n<p>Send me a message!<\/p>\n<p>[\/et_pb_text][et_pb_contact_form captcha=&#8221;off&#8221; email=&#8221;coach@gabrielapepino.com&#8221; title=&#8221;@ET-DC@eyJkeW5hbWljIjp0cnVlLCJjb250ZW50IjoiY3VzdG9tX21ldGFfY29udGFjdF9tZXNzYWdlX2FuZF9kZXRhaWxzIiwic2V0dGluZ3MiOnsiYmVmb3JlIjoiIiwiYWZ0ZXIiOiIiLCJlbmFibGVfaHRtbCI6Im9mZiJ9fQ==@&#8221; success_message=&#8221;@ET-DC@eyJkeW5hbWljIjp0cnVlLCJjb250ZW50IjoiY3VzdG9tX21ldGFfc3VjY2Vzc19tZXNzYWdlIiwic2V0dGluZ3MiOnsiYmVmb3JlIjoiIiwiYWZ0ZXIiOiIiLCJlbmFibGVfaHRtbCI6Im9mZiJ9fQ==@&#8221; submit_button_text=&#8221;@ET-DC@eyJkeW5hbWljIjp0cnVlLCJjb250ZW50IjoiY3VzdG9tX21ldGFfc3VibWl0X2J1dHRvbl9sYWJlbCIsInNldHRpbmdzIjp7ImJlZm9yZSI6IiIsImFmdGVyIjoiIiwiZW5hYmxlX2h0bWwiOiJvZmYifX0=@&#8221; _builder_version=&#8221;4.27.4&#8243; _dynamic_attributes=&#8221;title,success_message,submit_button_text&#8221; _module_preset=&#8221;default&#8221; _unique_id=&#8221;1167d869-5b2a-478a-96bb-245447d12aab&#8221; title_text_align=&#8221;center&#8221; title_font_size=&#8221;18px&#8221; title_line_height=&#8221;1.2em&#8221; form_field_text_align=&#8221;center&#8221; custom_button=&#8221;on&#8221; button_bg_color=&#8221;gcid-1012d8eb-e1df-4c65-b3c5-8cfe879cf7bf&#8221; button_border_color=&#8221;gcid-4736d5bb-6e31-4976-86fb-ae14eb5192e9&#8243; text_orientation=&#8221;center&#8221; custom_padding=&#8221;5%||5%||false|false&#8221; hover_enabled=&#8221;0&#8243; border_radii=&#8221;on|3px|3px|3px|3px&#8221; border_width_all=&#8221;1px&#8221; border_color_all=&#8221;#3A3A3A&#8221; global_colors_info=&#8221;{%22gcid-4736d5bb-6e31-4976-86fb-ae14eb5192e9%22:%91%22button_border_color%22,%22button_border_color__hover%22%93,%22gcid-1012d8eb-e1df-4c65-b3c5-8cfe879cf7bf%22:%91%22button_bg_color%22%93}&#8221; button_border_color__hover_enabled=&#8221;off|desktop&#8221; button_border_color__hover=&#8221;#b5927e&#8221; sticky_enabled=&#8221;0&#8243;][et_pb_contact_field field_id=&#8221;Name&#8221; field_title=&#8221;Name&#8221; fullwidth_field=&#8221;on&#8221; _builder_version=&#8221;4.27.4&#8243; hover_enabled=&#8221;0&#8243; global_colors_info=&#8221;{}&#8221; button_text_size__hover_enabled=&#8221;off&#8221; button_one_text_size__hover_enabled=&#8221;off&#8221; button_two_text_size__hover_enabled=&#8221;off&#8221; button_text_color__hover_enabled=&#8221;off&#8221; button_one_text_color__hover_enabled=&#8221;off&#8221; button_two_text_color__hover_enabled=&#8221;off&#8221; button_border_width__hover_enabled=&#8221;off&#8221; button_one_border_width__hover_enabled=&#8221;off&#8221; button_two_border_width__hover_enabled=&#8221;off&#8221; button_border_color__hover_enabled=&#8221;off&#8221; button_one_border_color__hover_enabled=&#8221;off&#8221; button_two_border_color__hover_enabled=&#8221;off&#8221; button_border_radius__hover_enabled=&#8221;off&#8221; button_one_border_radius__hover_enabled=&#8221;off&#8221; button_two_border_radius__hover_enabled=&#8221;off&#8221; button_letter_spacing__hover_enabled=&#8221;off&#8221; button_one_letter_spacing__hover_enabled=&#8221;off&#8221; button_two_letter_spacing__hover_enabled=&#8221;off&#8221; button_bg_color__hover_enabled=&#8221;off&#8221; button_one_bg_color__hover_enabled=&#8221;off&#8221; button_two_bg_color__hover_enabled=&#8221;off&#8221; sticky_enabled=&#8221;0&#8243;][\/et_pb_contact_field][et_pb_contact_field field_id=&#8221;Email&#8221; field_title=&#8221;Email&#8221; field_type=&#8221;email&#8221; fullwidth_field=&#8221;on&#8221; _builder_version=&#8221;4.23.4&#8243; global_colors_info=&#8221;{}&#8221; button_text_size__hover_enabled=&#8221;off&#8221; button_one_text_size__hover_enabled=&#8221;off&#8221; button_two_text_size__hover_enabled=&#8221;off&#8221; button_text_color__hover_enabled=&#8221;off&#8221; button_one_text_color__hover_enabled=&#8221;off&#8221; button_two_text_color__hover_enabled=&#8221;off&#8221; button_border_width__hover_enabled=&#8221;off&#8221; button_one_border_width__hover_enabled=&#8221;off&#8221; button_two_border_width__hover_enabled=&#8221;off&#8221; button_border_color__hover_enabled=&#8221;off&#8221; button_one_border_color__hover_enabled=&#8221;off&#8221; button_two_border_color__hover_enabled=&#8221;off&#8221; button_border_radius__hover_enabled=&#8221;off&#8221; button_one_border_radius__hover_enabled=&#8221;off&#8221; button_two_border_radius__hover_enabled=&#8221;off&#8221; button_letter_spacing__hover_enabled=&#8221;off&#8221; button_one_letter_spacing__hover_enabled=&#8221;off&#8221; button_two_letter_spacing__hover_enabled=&#8221;off&#8221; button_bg_color__hover_enabled=&#8221;off&#8221; button_one_bg_color__hover_enabled=&#8221;off&#8221; button_two_bg_color__hover_enabled=&#8221;off&#8221;][\/et_pb_contact_field][et_pb_contact_field field_id=&#8221;Subject&#8221; field_title=&#8221;Subject&#8221; fullwidth_field=&#8221;on&#8221; _builder_version=&#8221;4.27.4&#8243; _module_preset=&#8221;default&#8221; hover_enabled=&#8221;0&#8243; global_colors_info=&#8221;{}&#8221; sticky_enabled=&#8221;0&#8243;][\/et_pb_contact_field][et_pb_contact_field field_id=&#8221;Message&#8221; field_title=&#8221;Message&#8221; field_type=&#8221;text&#8221; fullwidth_field=&#8221;on&#8221; _builder_version=&#8221;4.27.4&#8243; hover_enabled=&#8221;0&#8243; global_colors_info=&#8221;{}&#8221; button_text_size__hover_enabled=&#8221;off&#8221; button_one_text_size__hover_enabled=&#8221;off&#8221; button_two_text_size__hover_enabled=&#8221;off&#8221; button_text_color__hover_enabled=&#8221;off&#8221; button_one_text_color__hover_enabled=&#8221;off&#8221; button_two_text_color__hover_enabled=&#8221;off&#8221; button_border_width__hover_enabled=&#8221;off&#8221; button_one_border_width__hover_enabled=&#8221;off&#8221; button_two_border_width__hover_enabled=&#8221;off&#8221; button_border_color__hover_enabled=&#8221;off&#8221; button_one_border_color__hover_enabled=&#8221;off&#8221; button_two_border_color__hover_enabled=&#8221;off&#8221; button_border_radius__hover_enabled=&#8221;off&#8221; button_one_border_radius__hover_enabled=&#8221;off&#8221; button_two_border_radius__hover_enabled=&#8221;off&#8221; button_letter_spacing__hover_enabled=&#8221;off&#8221; button_one_letter_spacing__hover_enabled=&#8221;off&#8221; button_two_letter_spacing__hover_enabled=&#8221;off&#8221; button_bg_color__hover_enabled=&#8221;off&#8221; button_one_bg_color__hover_enabled=&#8221;off&#8221; button_two_bg_color__hover_enabled=&#8221;off&#8221; sticky_enabled=&#8221;0&#8243;][\/et_pb_contact_field][\/et_pb_contact_form][\/et_pb_column][\/et_pb_row][\/et_pb_section]<\/p>","protected":false},"excerpt":{"rendered":"<p>Send me a message!<\/p>","protected":false},"author":1,"featured_media":0,"parent":0,"menu_order":0,"comment_status":"closed","ping_status":"closed","template":"","meta":{"_acf_changed":false,"_et_pb_use_builder":"on","_et_pb_old_content":"","_et_gb_content_width":"","om_disable_all_campaigns":false,"_exactmetrics_skip_tracking":false,"_exactmetrics_sitenote_active":false,"_exactmetrics_sitenote_note":"","_exactmetrics_sitenote_category":0,"_monsterinsights_skip_tracking":false,"_monsterinsights_sitenote_active":false,"_monsterinsights_sitenote_note":"","_monsterinsights_sitenote_category":0,"_uf_show_specific_survey":0,"_uf_disable_surveys":false,"footnotes":""},"class_list":["post-239144","page","type-page","status-publish","hentry"],"acf":[],"aioseo_notices":[],"yoast_head":"<!-- This site is optimized with the Yoast SEO plugin v26.8 - https:\/\/yoast.com\/product\/yoast-seo-wordpress\/ -->\n<title>Contact - Gabriela Pepino<\/title>\n<meta name=\"description\" content=\"Trimite-mi un mesaj! Programeaz\u0103 o sesiune gratuit\u0103 cu Gabriela Pepino \u0219i porne\u0219te \u00eentr-o c\u0103l\u0103torie de transformare \u0219i cre\u0219tere personal\u0103!\" \/>\n<meta name=\"robots\" content=\"index, follow, max-snippet:-1, max-image-preview:large, max-video-preview:-1\" \/>\n<link rel=\"canonical\" href=\"https:\/\/www.gabrielapepino.com\/ro\/trimite-mi-un-mesaj\/\" \/>\n<meta property=\"og:locale\" content=\"ro_RO\" \/>\n<meta property=\"og:type\" content=\"article\" \/>\n<meta property=\"og:title\" content=\"Contact - Gabriela Pepino\" \/>\n<meta property=\"og:description\" content=\"Trimite-mi un mesaj! Programeaz\u0103 o sesiune gratuit\u0103 cu Gabriela Pepino \u0219i porne\u0219te \u00eentr-o c\u0103l\u0103torie de transformare \u0219i cre\u0219tere personal\u0103!\" \/>\n<meta property=\"og:url\" content=\"https:\/\/www.gabrielapepino.com\/ro\/trimite-mi-un-mesaj\/\" \/>\n<meta property=\"og:site_name\" content=\"Gabriela Pepino\" \/>\n<meta property=\"article:modified_time\" content=\"2025-10-28T09:08:44+00:00\" \/>\n<meta name=\"twitter:card\" content=\"summary_large_image\" \/>\n<meta name=\"twitter:label1\" content=\"Timp estimat pentru citire\" \/>\n\t<meta name=\"twitter:data1\" content=\"1 minut\" \/>\n<script type=\"application\/ld+json\" class=\"yoast-schema-graph\">{\"@context\":\"https:\/\/schema.org\",\"@graph\":[{\"@type\":\"WebPage\",\"@id\":\"https:\/\/www.gabrielapepino.com\/trimite-mi-un-mesaj\/\",\"url\":\"https:\/\/www.gabrielapepino.com\/trimite-mi-un-mesaj\/\",\"name\":\"Contact - Gabriela Pepino\",\"isPartOf\":{\"@id\":\"https:\/\/www.gabrielapepino.com\/#website\"},\"datePublished\":\"2022-02-22T02:22:54+00:00\",\"dateModified\":\"2025-10-28T09:08:44+00:00\",\"description\":\"Trimite-mi un mesaj! Programeaz\u0103 o sesiune gratuit\u0103 cu Gabriela Pepino \u0219i porne\u0219te \u00eentr-o c\u0103l\u0103torie de transformare \u0219i cre\u0219tere personal\u0103!\",\"breadcrumb\":{\"@id\":\"https:\/\/www.gabrielapepino.com\/trimite-mi-un-mesaj\/#breadcrumb\"},\"inLanguage\":\"ro-RO\",\"potentialAction\":[{\"@type\":\"ReadAction\",\"target\":[\"https:\/\/www.gabrielapepino.com\/trimite-mi-un-mesaj\/\"]}]},{\"@type\":\"BreadcrumbList\",\"@id\":\"https:\/\/www.gabrielapepino.com\/trimite-mi-un-mesaj\/#breadcrumb\",\"itemListElement\":[{\"@type\":\"ListItem\",\"position\":1,\"name\":\"Acas\u0103\",\"item\":\"https:\/\/www.gabrielapepino.com\/\"},{\"@type\":\"ListItem\",\"position\":2,\"name\":\"Contact\"}]},{\"@type\":\"WebSite\",\"@id\":\"https:\/\/www.gabrielapepino.com\/#website\",\"url\":\"https:\/\/www.gabrielapepino.com\/\",\"name\":\"Gabriela Pepino\",\"description\":\"Coach\",\"potentialAction\":[{\"@type\":\"SearchAction\",\"target\":{\"@type\":\"EntryPoint\",\"urlTemplate\":\"https:\/\/www.gabrielapepino.com\/?s={search_term_string}\"},\"query-input\":{\"@type\":\"PropertyValueSpecification\",\"valueRequired\":true,\"valueName\":\"search_term_string\"}}],\"inLanguage\":\"ro-RO\"}]}<\/script>\n<!-- \/ Yoast SEO plugin. -->","yoast_head_json":{"title":"Contact - Gabriela Pepino","description":"Trimite-mi un mesaj! Programeaz\u0103 o sesiune gratuit\u0103 cu Gabriela Pepino \u0219i porne\u0219te \u00eentr-o c\u0103l\u0103torie de transformare \u0219i cre\u0219tere personal\u0103!","robots":{"index":"index","follow":"follow","max-snippet":"max-snippet:-1","max-image-preview":"max-image-preview:large","max-video-preview":"max-video-preview:-1"},"canonical":"https:\/\/www.gabrielapepino.com\/ro\/trimite-mi-un-mesaj\/","og_locale":"ro_RO","og_type":"article","og_title":"Contact - Gabriela Pepino","og_description":"Trimite-mi un mesaj! Programeaz\u0103 o sesiune gratuit\u0103 cu Gabriela Pepino \u0219i porne\u0219te \u00eentr-o c\u0103l\u0103torie de transformare \u0219i cre\u0219tere personal\u0103!","og_url":"https:\/\/www.gabrielapepino.com\/ro\/trimite-mi-un-mesaj\/","og_site_name":"Gabriela Pepino","article_modified_time":"2025-10-28T09:08:44+00:00","twitter_card":"summary_large_image","twitter_misc":{"Timp estimat pentru citire":"1 minut"},"schema":{"@context":"https:\/\/schema.org","@graph":[{"@type":"WebPage","@id":"https:\/\/www.gabrielapepino.com\/trimite-mi-un-mesaj\/","url":"https:\/\/www.gabrielapepino.com\/trimite-mi-un-mesaj\/","name":"Contact - Gabriela Pepino","isPartOf":{"@id":"https:\/\/www.gabrielapepino.com\/#website"},"datePublished":"2022-02-22T02:22:54+00:00","dateModified":"2025-10-28T09:08:44+00:00","description":"Trimite-mi un mesaj! Programeaz\u0103 o sesiune gratuit\u0103 cu Gabriela Pepino \u0219i porne\u0219te \u00eentr-o c\u0103l\u0103torie de transformare \u0219i cre\u0219tere personal\u0103!","breadcrumb":{"@id":"https:\/\/www.gabrielapepino.com\/trimite-mi-un-mesaj\/#breadcrumb"},"inLanguage":"ro-RO","potentialAction":[{"@type":"ReadAction","target":["https:\/\/www.gabrielapepino.com\/trimite-mi-un-mesaj\/"]}]},{"@type":"BreadcrumbList","@id":"https:\/\/www.gabrielapepino.com\/trimite-mi-un-mesaj\/#breadcrumb","itemListElement":[{"@type":"ListItem","position":1,"name":"Acas\u0103","item":"https:\/\/www.gabrielapepino.com\/"},{"@type":"ListItem","position":2,"name":"Contact"}]},{"@type":"WebSite","@id":"https:\/\/www.gabrielapepino.com\/#website","url":"https:\/\/www.gabrielapepino.com\/","name":"Gabriela Pepino","description":"Coach","potentialAction":[{"@type":"SearchAction","target":{"@type":"EntryPoint","urlTemplate":"https:\/\/www.gabrielapepino.com\/?s={search_term_string}"},"query-input":{"@type":"PropertyValueSpecification","valueRequired":true,"valueName":"search_term_string"}}],"inLanguage":"ro-RO"}]}},"_links":{"self":[{"href":"https:\/\/www.gabrielapepino.com\/ro\/wp-json\/wp\/v2\/pages\/239144","targetHints":{"allow":["GET"]}}],"collection":[{"href":"https:\/\/www.gabrielapepino.com\/ro\/wp-json\/wp\/v2\/pages"}],"about":[{"href":"https:\/\/www.gabrielapepino.com\/ro\/wp-json\/wp\/v2\/types\/page"}],"author":[{"embeddable":true,"href":"https:\/\/www.gabrielapepino.com\/ro\/wp-json\/wp\/v2\/users\/1"}],"replies":[{"embeddable":true,"href":"https:\/\/www.gabrielapepino.com\/ro\/wp-json\/wp\/v2\/comments?post=239144"}],"version-history":[{"count":8,"href":"https:\/\/www.gabrielapepino.com\/ro\/wp-json\/wp\/v2\/pages\/239144\/revisions"}],"predecessor-version":[{"id":240544,"href":"https:\/\/www.gabrielapepino.com\/ro\/wp-json\/wp\/v2\/pages\/239144\/revisions\/240544"}],"wp:attachment":[{"href":"https:\/\/www.gabrielapepino.com\/ro\/wp-json\/wp\/v2\/media?parent=239144"}],"curies":[{"name":"wp","href":"https:\/\/api.w.org\/{rel}","templated":true}]}}